{"id":50,"date":"2020-08-19T12:46:47","date_gmt":"2020-08-19T12:46:47","guid":{"rendered":"http:\/\/smartfpga.de\/?page_id=50"},"modified":"2020-08-19T17:44:02","modified_gmt":"2020-08-19T17:44:02","slug":"startseite","status":"publish","type":"page","link":"https:\/\/smartfpga.de\/?page_id=50","title":{"rendered":"Was gibt es hier?"},"content":{"rendered":"\n<p>Hallo, hier sammele ich meine Notizen und Links zu FPGAs, SoCs, Elektronik und low-level Linux Programmierung. <\/p>\n\n\n\n<p>Hoffentlich k\u00f6nnen diese Beitr\u00e4ge f\u00fcr alle Besucher hilfreich sein.<\/p>\n","protected":false},"excerpt":{"rendered":"<p>Hallo, hier sammele ich meine Notizen und Links zu FPGAs, SoCs, Elektronik und low-level Linux Programmierung. Hoffentlich k\u00f6nnen diese Beitr\u00e4ge f\u00fcr alle Besucher hilfreich sein.<\/p>\n","protected":false},"author":1,"featured_media":0,"parent":0,"menu_order":0,"comment_status":"closed","ping_status":"closed","template":"","meta":{"footnotes":""},"class_list":["post-50","page","type-page","status-publish","hentry"],"_links":{"self":[{"href":"https:\/\/smartfpga.de\/index.php?rest_route=\/wp\/v2\/pages\/50","targetHints":{"allow":["GET"]}}],"collection":[{"href":"https:\/\/smartfpga.de\/index.php?rest_route=\/wp\/v2\/pages"}],"about":[{"href":"https:\/\/smartfpga.de\/index.php?rest_route=\/wp\/v2\/types\/page"}],"author":[{"embeddable":true,"href":"https:\/\/smartfpga.de\/index.php?rest_route=\/wp\/v2\/users\/1"}],"replies":[{"embeddable":true,"href":"https:\/\/smartfpga.de\/index.php?rest_route=%2Fwp%2Fv2%2Fcomments&post=50"}],"version-history":[{"count":4,"href":"https:\/\/smartfpga.de\/index.php?rest_route=\/wp\/v2\/pages\/50\/revisions"}],"predecessor-version":[{"id":85,"href":"https:\/\/smartfpga.de\/index.php?rest_route=\/wp\/v2\/pages\/50\/revisions\/85"}],"wp:attachment":[{"href":"https:\/\/smartfpga.de\/index.php?rest_route=%2Fwp%2Fv2%2Fmedia&parent=50"}],"curies":[{"name":"wp","href":"https:\/\/api.w.org\/{rel}","templated":true}]}}